{"id":4832,"date":"2015-05-19T23:20:27","date_gmt":"2015-05-19T22:20:27","guid":{"rendered":"https:\/\/bpmavocat.fr\/?page_id=4832"},"modified":"2015-10-24T10:45:26","modified_gmt":"2015-10-24T09:45:26","slug":"nos-valeurs","status":"publish","type":"page","link":"https:\/\/www.bpmavocat.fr\/?page_id=4832","title":{"rendered":"Nos valeurs"},"content":{"rendered":"<p><img decoding=\"async\" loading=\"lazy\" class=\"alignright wp-image-4990 size-full\" src=\"http:\/\/bpmavocat.fr\/wp-content\/uploads\/2015\/05\/palais-justice-grenoble1.jpg\" alt=\"\" width=\"200\" height=\"378\" srcset=\"https:\/\/www.bpmavocat.fr\/wp-content\/uploads\/2015\/05\/palais-justice-grenoble1.jpg 200w, https:\/\/www.bpmavocat.fr\/wp-content\/uploads\/2015\/05\/palais-justice-grenoble1-159x300.jpg 159w\" sizes=\"(max-width: 200px) 100vw, 200px\" \/>Le Droit est une mati\u00e8re vivante et nous nous effor\u00e7ons d&rsquo;am\u00e9liorer en permanence nos comp\u00e9tences en suivant r\u00e9guli\u00e8rement des sessions de <strong>formation continue.<\/strong><\/p>\n<p><strong>L&rsquo;\u00e9coute <\/strong>du justiciable est une priorit\u00e9 pour notre cabinet, de m\u00eame que la <strong>transparence, <\/strong>tant en ce qui concerne la r\u00e9alit\u00e9 des chances de succ\u00e8s de la proc\u00e9dure envisag\u00e9e que des frais et honoraires qu&rsquo;elle va entrainer.<\/p>\n<p>Dans ce m\u00eame souci de transparence, nous soumettons toujours nos \u00e9critures proc\u00e9durales \u00e0 votre approbation pr\u00e9alablement \u00e0 tout envoi et nous vous tenons strictement inform\u00e9 du suivi de la proc\u00e9dure, afin d&rsquo;instaurer avec vous une relation de confiance en respectant communication et confidentialit\u00e9.<\/p>\n<p>Bien \u00e9videmment nous exer\u00e7ons dans le respect de notre serment : <b>\u00ab Je jure, comme avocat, d&rsquo;exercer mes fonctions avec dignit\u00e9, conscience, ind\u00e9pendance, probit\u00e9 et humanit\u00e9 \u00bb,<\/b> et respectons les<b> <\/b>r\u00e8gles de d\u00e9ontologies strictes qui r\u00e9gissent la profession d&rsquo;Avocat, notamment le secret professionnel, la confidentialit\u00e9, l&rsquo;ind\u00e9pendance et la loyaut\u00e9.<\/p>\n","protected":false},"excerpt":{"rendered":"<p>Le Droit est une mati\u00e8re vivante et nous nous effor\u00e7ons d&rsquo;am\u00e9liorer en permanence nos comp\u00e9tences en suivant r\u00e9guli\u00e8rement des sessions de formation continue. L&rsquo;\u00e9coute du justiciable est une priorit\u00e9 pour notre cabinet, de m\u00eame que la transparence, tant en ce qui concerne la r\u00e9alit\u00e9 des chances de succ\u00e8s de la proc\u00e9dure envisag\u00e9e que des frais&#8230; <\/p>\n<div class=\"clear\"><\/div>\n<p><a href=\"https:\/\/www.bpmavocat.fr\/?page_id=4832\" class=\"excerpt-read-more\">Read More<\/a><\/p>\n","protected":false},"author":1,"featured_media":0,"parent":0,"menu_order":0,"comment_status":"closed","ping_status":"open","template":"","meta":[],"_links":{"self":[{"href":"https:\/\/www.bpmavocat.fr\/index.php?rest_route=\/wp\/v2\/pages\/4832"}],"collection":[{"href":"https:\/\/www.bpmavocat.fr\/index.php?rest_route=\/wp\/v2\/pages"}],"about":[{"href":"https:\/\/www.bpmavocat.fr\/index.php?rest_route=\/wp\/v2\/types\/page"}],"author":[{"embeddable":true,"href":"https:\/\/www.bpmavocat.fr\/index.php?rest_route=\/wp\/v2\/users\/1"}],"replies":[{"embeddable":true,"href":"https:\/\/www.bpmavocat.fr\/index.php?rest_route=%2Fwp%2Fv2%2Fcomments&post=4832"}],"version-history":[{"count":11,"href":"https:\/\/www.bpmavocat.fr\/index.php?rest_route=\/wp\/v2\/pages\/4832\/revisions"}],"predecessor-version":[{"id":5114,"href":"https:\/\/www.bpmavocat.fr\/index.php?rest_route=\/wp\/v2\/pages\/4832\/revisions\/5114"}],"wp:attachment":[{"href":"https:\/\/www.bpmavocat.fr\/index.php?rest_route=%2Fwp%2Fv2%2Fmedia&parent=4832"}],"curies":[{"name":"wp","href":"https:\/\/api.w.org\/{rel}","templated":true}]}}